{"id":751,"date":"2019-06-07T16:53:08","date_gmt":"2019-06-07T14:53:08","guid":{"rendered":"https:\/\/lufthansacargo.internet-erfolg.de\/?page_id=751"},"modified":"2019-06-13T16:32:15","modified_gmt":"2019-06-13T14:32:15","slug":"agb","status":"publish","type":"page","link":"https:\/\/lufthansacargo.internet-erfolg.de\/de\/agb\/","title":{"rendered":"AGB"},"content":{"rendered":"\t\t<div data-elementor-type=\"wp-post\" data-elementor-id=\"751\" class=\"elementor elementor-751\" data-elementor-post-type=\"page\">\n\t\t\t\t\t\t<section class=\"elementor-section elementor-top-section elementor-element elementor-element-f36b57b elementor-section-content-middle elementor-section-boxed elementor-section-height-default elementor-section-height-default\" data-id=\"f36b57b\" data-element_type=\"section\" data-e-type=\"section\" data-settings=\"{&quot;background_background&quot;:&quot;classic&quot;}\">\n\t\t\t\t\t\t\t<div class=\"elementor-background-overlay\"><\/div>\n\t\t\t\t\t\t\t<div class=\"elementor-container elementor-column-gap-no\">\n\t\t\t\t\t<div class=\"elementor-column elementor-col-100 elementor-top-column elementor-element elementor-element-7dd94a8\" data-id=\"7dd94a8\" data-element_type=\"column\" data-e-type=\"column\" data-settings=\"{&quot;background_background&quot;:&quot;classic&quot;}\">\n\t\t\t<div class=\"elementor-widget-wrap elementor-element-populated\">\n\t\t\t\t\t\t<section class=\"elementor-section elementor-inner-section elementor-element elementor-element-c2d7fac elementor-section-boxed elementor-section-height-default elementor-section-height-default\" data-id=\"c2d7fac\" data-element_type=\"section\" data-e-type=\"section\">\n\t\t\t\t\t\t<div class=\"elementor-container elementor-column-gap-default\">\n\t\t\t\t\t<div class=\"elementor-column elementor-col-100 elementor-inner-column elementor-element elementor-element-8ad3f85\" data-id=\"8ad3f85\" data-element_type=\"column\" data-e-type=\"column\" data-settings=\"{&quot;background_background&quot;:&quot;classic&quot;}\">\n\t\t\t<div class=\"elementor-widget-wrap elementor-element-populated\">\n\t\t\t\t\t\t<div class=\"elementor-element elementor-element-6bcfe58 elementor-widget elementor-widget-heading\" data-id=\"6bcfe58\" data-element_type=\"widget\" data-e-type=\"widget\" data-widget_type=\"heading.default\">\n\t\t\t\t<div class=\"elementor-widget-container\">\n\t\t\t\t\t<h1 class=\"elementor-heading-title elementor-size-default\"><h1 style=\"font-family: Poppins, sans-serif;white-space: normal\">Allgemeine Gesch\u00e4ftsbedingungen<\/h1><\/h1>\t\t\t\t<\/div>\n\t\t\t\t<\/div>\n\t\t\t\t<div class=\"elementor-element elementor-element-8f75eae elementor-widget elementor-widget-text-editor\" data-id=\"8f75eae\" data-element_type=\"widget\" data-e-type=\"widget\" data-widget_type=\"text-editor.default\">\n\t\t\t\t<div class=\"elementor-widget-container\">\n\t\t\t\t\t\t\t\t\t<h4>von city-map Internetmarketing AG<br \/>im folgenden city-map genannt.<\/h4><p><b>\u00a71 Vertragsabschluss<\/b><br \/>Die nachstehenden allgemeinen Gesch\u00e4ftsbedingungen gelten f\u00fcr alle zwischen dem Kunden und city-map geschlossenen Vertr\u00e4ge \u00fcber die von city-map angebotenen Dienste und Leistungen. Sie gelten auch f\u00fcr alle k\u00fcnftigen Gesch\u00e4ftsbeziehungen, auch wenn sie nicht noch einmal ausdr\u00fccklich vereinbart werden. Abweichende Bedingungen des Kunden, die city-map nicht ausdr\u00fccklich anerkennt, sind f\u00fcr city-map unverbindlich, auch wenn city-map ihnen nicht ausdr\u00fccklich widerspricht. Die nachstehenden allgemeinen Gesch\u00e4ftsbedingungen gelten auch dann, wenn city-map in Kenntnis entgegenstehender oder abweichender Bedingungen des Kunden die Bestellung des Kunden vorbehaltlos ausf\u00fchrt.<\/p><p>Das Angebot von city-map ist verbleibend. Der Nutzungsvertrag \u00fcber die von city-map angebotenen Dienste, Leistungen und Systeme kommt mit city-map erst nach Vertragsbest\u00e4tigung durch city-map zustande.<\/p><p>Soweit city-map kostenlose Dienste oder Leistungen anbietet und\/oder zur Verf\u00fcgung stellt, kann der Kunde diese erst nach der von city-map jeweils vorgesehenen Registrierung in dem von city-map jeweils angebotenen Umfang nutzen.<\/p><p><span style=\"font-size: 1rem;\">\u00a0<\/span><\/p><p><span style=\"font-size: 1rem;\"><b>\u00a72 Leistungsumfang<\/b><\/span><\/p><ol><li>Der Umfang der Leistungen von city-map ergibt sich aus den AGB von city-map sowie den Systembeschreibungen, den Nutzungsbedingungen und aus den hierauf bezugnehmenden Einzelangaben im Auftrag. Die Inhalte der Internetpr\u00e4sentation werden vom Kunden vorgegeben und mit Bezahlung der Abschlussrechnung von diesem als abgenommen best\u00e4tigt.<\/li><li>Die Webhosting-Leistungen von city-map f\u00fcr Pr\u00e4sentationen im Internet werden weltweit auf Grundlage der im Internet verf\u00fcgbaren Daten\u00fcbertragungswege erbracht.<\/li><li>city-map beh\u00e4lt sich das Recht vor, Leistungen zu erweitern, zu \u00e4ndern und Verbesserungen vorzunehmen. Soweit city-map kostenlose Dienste und Leistungen erbringt, erfolgt dies ohne einen Anspruch des Kunden auf deren Bereitstellung. city-map ist daher berechtigt, diese jederzeit und ohne Vorank\u00fcndigung nach eigenem Ermessen zu \u00e4ndern und\/oder einzustellen. Erstattungs- oder Schadensersatzanspr\u00fcche des Kunden ergeben sich daraus nicht.<\/li><li>city-map beh\u00e4lt sich bei den laufenden Diensten und Leistungen eine \u00c4nderung der Preise vor. city-map wird den Kunden schriftlich \u00fcber Preis\u00e4nderungen informieren. Eine Preis\u00e4nderung wird jedoch erst nach Ablauf eines vollen Vertragsjahres auf den Vertrag angewendet. Im Falle einer Preis\u00e4nderung von mehr als 5 % ist der Kunde berechtigt, den Vertrag innerhalb eines Monats nach Bekanntgabe der Preiserh\u00f6hung zum n\u00e4chst m\u00f6glichen K\u00fcndigungstermin ordentlich zu k\u00fcndigen. Eine K\u00fcndigung bedarf der Textform. Zur Wahrung der Frist ist der Eingang der K\u00fcndigung bei city-map ma\u00dfgeblich. K\u00fcndigt der Kunde den Vertrag wegen einer Preiserh\u00f6hung, wird der Vertrag noch auf der Grundlage der bis zu der Erh\u00f6hung geltenden Preise abgewickelt.<\/li><li>Ist der Vertragspartner des Kunden ein Franchisenehmer des city-map Franchise-Systems und scheidet der Franchisenehmer aus dem city-map Franchise-System aus, so hat der Franchisenehmer ein Wahlrecht, ob er die bisherigen \u00fcber das city-map-System bezogenen Leistungen f\u00fcr den Kunden selbst anbietet und fortf\u00fchrt oder aber dieser Vertrag im Hinblick auf die city-map-Produkte- und Dienstleistungen mangels Fortf\u00fchrung von der city-map Internetmarketing AG fortgef\u00fchrt wird. F\u00fcr den Fall der Vertragsfortf\u00fchrung durch die city-map Internetmarketing AG \u00fcbernimmt diese die mit dem Vertragsabschluss verbundenen vertraglichen Verpflichtungen im Hinblick auf city-map-Produkte und -Dienstleistungen gegen\u00fcber dem Kunden, soweit der Kunde der Vertragsdurchf\u00fchrung durch die city-map Internetmarketing AG nicht innerhalb einer Frist von einem Monat nach Eingang einer entsprechenden schriftlichen Mitteilung bei ihm widerspricht.<\/li><\/ol><p><b>\u00a0<\/b><\/p><p><b>\u00a73 Pflichten des Kunden<\/b><br \/>Der Kunde ist zur sachgerechten Nutzung der city-map Dienste verpflichtet. Er hat insbesondere<\/p><ol><li>\u00fcbergebene Passworte geheim zu halten;<\/li><li>city-map erkennbare M\u00e4ngel oder St\u00f6rungen unverz\u00fcglich anzuzeigen;<\/li><li>die Datenschutzbestimmungen und Urheberrechte sowie sonstige gewerbliche Schutzrechte bez\u00fcglich des Inhalts der Pr\u00e4sentation und der Anwendung der erhaltenen Daten zu beachten;<\/li><li>keine Inhalte mit gesetzlich verbotenem Inhalt einzupflegen.<\/li><\/ol><p><b>\u00a0<\/b><\/p><p><b>\u00a74 Copyright, Urheberrecht<\/b><\/p><ol><li>Das Urheberrecht tritt automatisch mit Erstellung eines Webprojektes ein. Zum Webprojekt z\u00e4hlt: Von city-map entwickelter Text, Software, Bilder, Fotos, Grafiken, Filme, Musik, Sound und der Quellcode der gebuchten Funktionen. Das Urheberrecht ist nicht an den Kunden \u00fcbertragbar.<\/li><li>Die nicht ausschlie\u00dflichen, nicht \u00fcbertragbaren und zeitlich befristeten Nutzungsrechte am Webprojekt werden f\u00fcr die Dauer des Vertrages an den Kunden \u00fcbertragen.<\/li><li>Der Quellcode bleibt auch nach Vertragsende Eigentum von city-map und ist nicht \u00fcbertragbar. Zeitlich unbefristete, \u00fcbertragbare aber nicht ausschlie\u00dfliche Nutzungsrechte f\u00fcr Texte, Bilder, Fotos, Grafiken, Filme, Musik und Sound k\u00f6nnen vom Kunden f\u00fcr eine Einmalzahlung in H\u00f6he von 25% des Auftragswertes erworben werden unter der Voraussetzung, dass s\u00e4mtliche Hinweise (insbesondere Copyright- und Meta-Hinweise) auf den Urheber city-map entfernt werden.<\/li><\/ol><p><b>\u00a75 K\u00fcndigung des Vertrages<\/b><br \/>Das Vertragsverh\u00e4ltnis dauert mindestens ein Jahr. Die Vertragslaufzeit berechnet sich ab dem Datum der letzten von city-map an den Kunden gestellten Rechnung. Leistungserweiterungen im laufenden Vertragsjahr f\u00fchren zu einem neuen Vertragsjahr. Das Vertragsverh\u00e4ltnis verl\u00e4ngert sich zudem um jeweils ein weiteres Jahr, wenn es nicht wie nachstehend gek\u00fcndigt wird. Das Vertragsverh\u00e4ltnis kann von beiden Vertragsparteien zum Ablauf eines jeden Vertragsjahres, gerechnet ab dem Datum der letzten Rechnung gek\u00fcndigt werden. Die K\u00fcndigungserkl\u00e4rung muss dem K\u00fcndigungsempf\u00e4nger mindestens 4 Wochen vor dem Tag, an dem sie wirksam werden soll, schriftlich zugehen. Andere K\u00fcndigungsfristen bed\u00fcrfen einer schriftlichen Best\u00e4tigung durch city-map. Das Recht der Vertragsparteien, den Vertrag bei Vorliegen der gesetzlichen Voraussetzungen fristlos aus wichtigem Grund zu k\u00fcndigen, bleibt unber\u00fchrt.<\/p><p><span style=\"font-size: 1rem;\">\u00a0<\/span><\/p><p><span style=\"font-weight: bolder;\">\u00a76 Widerrufsbelehrung &amp; Widerrufsformular\u00a0<\/span><br \/>Verbrauchern steht ein Widerrufsrecht nach folgender Ma\u00dfgabe zu, wobei Verbraucher jede nat\u00fcrliche Person ist, die ein Rechtsgesch\u00e4ft zu Zwecken abschlie\u00dft, die \u00fcberwiegend weder ihrer gewerblichen noch ihrer selbst\u00e4ndigen beruflichen T\u00e4tigkeit zugerechnet werden k\u00f6nnen:<\/p><p>\u00a0<\/p><p>\u00a0<\/p><p><span style=\"font-weight: bolder;\">Widerrufsbelehrung\u00a0<\/span><\/p><p><span style=\"font-weight: bold;\"><br \/><\/span><span style=\"font-weight: bolder;\">Widerrufsrecht<\/span><br \/>Sie haben das Recht, binnen vierzehn Tagen ohne Angabe von Gr\u00fcnden diesen Vertrag zu widerrufen. Die Widerrufsfrist betr\u00e4gt vierzehn Tage ab dem Tag des Vertragsabschlusses. Um Ihr Widerrufsrecht auszu\u00fcben, m\u00fcssen Sie uns (city-map Internetmarketing AG, Schiffertorsstr. 2, 21682 Stade, E-Mail: info@city-map.de, Telefon: 04141 78940, Fax: 04141 789422) mittels einer eindeutigen Erkl\u00e4rung (z. B. ein mit der Post versandter Brief, Telefax oder E-Mail) \u00fcber Ihren Entschluss, diesen Vertrag zu widerrufen, informieren. Sie k\u00f6nnen daf\u00fcr das beigef\u00fcgte Muster-Widerrufsformular verwenden, das jedoch nicht vorgeschrieben ist. Zur Wahrung der Widerrufsfrist reicht es aus, dass Sie die Mitteilung \u00fcber die Aus\u00fcbung des Widerrufsrechts vor Ablauf der Widerrufsfrist absenden.<\/p><p>\u00a0<\/p><p><span style=\"font-weight: bolder;\">Folgen des Widerrufs\u00a0<\/span><br \/>Wenn Sie diesen Vertrag widerrufen, haben wir Ihnen alle Zahlungen, die wir von Ihnen erhalten haben, einschlie\u00dflich der Lieferkosten (mit Ausnahme der zus\u00e4tzlichen Kosten, die sich daraus ergeben, dass Sie eine andere Art der Lieferung als die von uns angebotene, g\u00fcnstigste Standardlieferung gew\u00e4hlt haben), unverz\u00fcglich und sp\u00e4testens binnen vierzehn Tagen ab dem Tag zur\u00fcckzuzahlen, an dem die Mitteilung \u00fcber Ihren Widerruf dieses Vertrags bei uns eingegangen ist. F\u00fcr diese R\u00fcckzahlung verwenden wir dasselbe Zahlungsmittel, das Sie bei der urspr\u00fcnglichen Transaktion eingesetzt haben, es sei denn, mit Ihnen wurde ausdr\u00fccklich etwas anderes vereinbart; in keinem Fall werden Ihnen wegen dieser R\u00fcckzahlung Entgelte berechnet.<\/p><p>\u00a0<\/p><p><span style=\"font-weight: bolder;\">Erl\u00f6schen des Widerrufsrechts<\/span><br \/>Das Widerrufsrecht erlischt vorzeitig, wenn wir mit der Ausf\u00fchrung des Vertrages begonnen haben, nachdem Sie ausdr\u00fccklich zugestimmt haben, dass wir mit der Ausf\u00fchrung des Vertrages vor Ablauf der Widerrufsfrist beginnen und Sie uns Ihre Kenntnis davon best\u00e4tigt haben, dass Sie durch Ihre Zustimmung mit Beginn der Ausf\u00fchrung des Vertrags Ihr Widerrufsrecht verlieren.<\/p><p>\u00a0<\/p><p><span style=\"font-weight: bolder;\">Muster-Widerrufsformular\u00a0<\/span><br \/>Wenn Sie den Vertrag widerrufen wollen, dann f\u00fcllen Sie bitte dieses Formular aus und senden Sie es zur\u00fcck.<br \/>An city-map Internetmarketing AG, Schiffertorsstr. 2, 21682 Stade\u00a0<br \/>E-Mail: info@city-map.de, Telefon: 04141 78940, Fax: 04141 789422<br \/>Hiermit widerrufe(n) ich\/wir den von mir\/uns abgeschlossenen Vertrag \u00fcber den Kauf der<br \/>folgenden Waren \/ die Erbringung der folgenden Dienstleistung:<br \/>\u2026\u2026\u2026\u2026\u2026\u2026\u2026\u2026\u2026\u2026\u2026\u2026\u2026\u2026\u2026\u2026\u2026\u2026\u2026\u2026\u2026\u2026\u2026\u2026\u2026\u2026<br \/>\u2026\u2026\u2026\u2026\u2026\u2026\u2026\u2026\u2026\u2026\u2026\u2026\u2026\u2026\u2026\u2026\u2026\u2026\u2026\u2026\u2026\u2026\u2026\u2026\u2026\u2026<br \/>(Name der Ware, ggf. Bestellnummer und Preis)<br \/>Ware bestellt am:<br \/>\u2026\u2026\u2026\u2026\u2026\u2026\u2026\u2026\u2026..<br \/>Datum<br \/>Ware erhalten am:<br \/>\u2026\u2026\u2026\u2026\u2026\u2026\u2026\u2026\u2026..<br \/>Datum<br \/>Name und Anschrift des Verbrauchers<br \/>\u2026\u2026\u2026\u2026\u2026\u2026\u2026\u2026\u2026..<br \/>\u2026\u2026\u2026\u2026\u2026\u2026\u2026\u2026\u2026..<br \/>\u2026\u2026\u2026\u2026\u2026\u2026\u2026\u2026\u2026..<br \/>\u2026\u2026\u2026\u2026\u2026\u2026\u2026\u2026\u2026..<br \/>Datum<br \/>\u2026\u2026\u2026\u2026\u2026\u2026\u2026\u2026\u2026\u2026\u2026\u2026\u2026\u2026\u2026\u2026\u2026.<br \/>Unterschrift Kunde\u2028 (nur bei schriftlichem Widerruf)<\/p><p><span style=\"font-size: 1rem;\"><b>\u00a0<\/b><\/span><\/p><p><span style=\"font-size: 1rem;\"><b>\u00a77 Haftungsbeschr\u00e4nkung<\/b><\/span><\/p><ol><li>Schadensersatzanspr\u00fcche aus Unm\u00f6glichkeit, Verschulden bei Vertragsverhandlungen und unerlaubter Handlung sind gegen\u00fcber city-map ausgeschlossen, soweit nicht vors\u00e4tzliches oder grob fahrl\u00e4ssiges Handeln seitens city-map vorliegt. Entsprechendes gilt bei Einschaltung von Erf\u00fcllungs- und Verrichtungsgehilfen von Seiten city-map. city-map haftet jedoch auch f\u00fcr Sch\u00e4den, die von city-map oder deren Erf\u00fcllungsgehilfen durch fahrl\u00e4ssige Pflichtverletzungen der von city-map \u00fcbernommenen vertraglichen Verpflichtungen verursacht werden, soweit die Fahrl\u00e4ssigkeit die Verletzung solcher Vertragspflichten betrifft, deren Einhaltung f\u00fcr die Erreichung des Vertragszwecks von besonderer Bedeutung ist (Kardinalpflichten); in diesen F\u00e4llen haftet city-map jedoch nur, soweit die Sch\u00e4den typischerweise mit dem Vertrag verbunden und vorhersehbar sind. Bei Verletzungen von Leben, K\u00f6rper oder Gesundheit, die auf einer fahrl\u00e4ssigen oder vors\u00e4tzlichen Pflichtverletzung von city-map oder deren Erf\u00fcllungs- und Verrichtungsgehilfen beruhen, haftet city-map nach den gesetzlichen Bestimmungen.<\/li><li>city-map haftet nicht f\u00fcr die Vollst\u00e4ndigkeit, Richtigkeit oder Aktualit\u00e4t der von ihr im Kundenauftrag \u00fcbermittelten Informationen. Des Weiteren haftet city-map nicht f\u00fcr rechtswidrige Handlungen Dritter, die unter Ausnutzung der angebotenen Dienste vorgenommen werden.<\/li><li>Beruht ein Schaden auf einem Ereignis, das aus z.B. einem Leitungsausfall im Internet stammt, so gelten die im Verh\u00e4ltnis vom Leitungsbetreiber und city-map anwendbaren Bestimmungen auch f\u00fcr die Haftung von city-map gegen\u00fcber ihren Kunden.<\/li><\/ol><p><b>\u00a0<\/b><\/p><p><b>\u00a78 Zahlungsbedingungen<\/b><\/p><ol><li>Die Entgelte f\u00fcr einmalige und laufende Leistungen werden, soweit im Auftrag nichts abweichendes vereinbart, sofort bzw. jeweils f\u00fcr ein Jahr im Voraus f\u00e4llig und per Rechnung oder Bankeinzug ohne Abzug bezahlt. Eine monatliche Zahlungsweise der laufenden Entgelte ist nur bei Bankeinzug m\u00f6glich.<\/li><li>Die Entgelte werden nach Auftragserteilung und Rechnungslegung f\u00e4llig. Andere Zahlungsweisen sind nur aufgrund einer schriftlichen Vereinbarung m\u00f6glich.<\/li><li>Zu Teilleistungen oder K\u00fcrzungen ist der Kunde nicht berechtigt.<\/li><\/ol><p><b>\u00a0<\/b><\/p><p><b>\u00a79 Zahlungsverzug<\/b><\/p><ol><li>Befindet sich der Kunde mit einem Betrag, der mindestens zwei Monatszahlungen entspricht, im Zahlungsverzug oder verweigert er die Zahlung, ist city-map berechtigt, die vertragliche Leistung bis zur vollst\u00e4ndigen Bezahlung zu sperren. Der Kunde bleibt in diesem Fall verpflichtet, die Entgelte in voller H\u00f6he zu zahlen. Eine Wiederanschaltung kann vom Kunden erst nach vollst\u00e4ndiger Bezahlung verlangt werden.<\/li><li>Die Geltendmachung weiterer Anspr\u00fcche und Kosten sowie das Recht zur fristlosen K\u00fcndigung des Vertrages wegen Zahlungsverzuges bleibt city-map vorbehalten.<\/li><\/ol><p><b>\u00a0<\/b><\/p><p><b>\u00a710 Rechte des Nutzers, Erstattungen<\/b><\/p><ol><li>Gegen Anspr\u00fcche von city-map kann der Kunde nur mit unbestrittenen oder rechtskr\u00e4ftig festgestellten Anspr\u00fcchen aufrechnen. Dem Kunden steht die Geltendmachung eines Zur\u00fcckbehaltungsrechts nur wegen Gegenanspr\u00fcchen aus diesem Vertrag zu.<\/li><li>Leistungsverz\u00f6gerungen aufgrund h\u00f6herer Gewalt und aufgrund von Ereignissen, die au\u00dferhalb des Verantwortungsbereichs von city-map liegen und die city-map die Leistung erheblich erschweren oder unm\u00f6glich machen, hat city-map nicht zu vertreten. Als solche Ereignisse gelten z.B. Streik, beh\u00f6rdliche Anordnungen, der Ausfall von Kommunikationsnetzen und Gateways anderer Betreiber, sowie St\u00f6rungen im Bereich der Dienste der Leitungsanbieter.<\/li><li>Dauert ein Ausfall der erheblich ist, l\u00e4nger als zwei Tage an, ist der Kunde berechtigt, die monatlichen Entgelte ab dem Zeitpunkt des Eintritts des Ausfalls bis zur Beseitigung der Behinderung zu mindern, es sei denn, der Kunde hat den Ausfall zu vertreten. Ein erheblicher Ausfall liegt dann vor, wenn im Internet nicht mehr auf die city-map Infrastruktur zugegriffen werden kann. Dauert ein erheblicher Ausfall l\u00e4nger als zwei Monate, sind der Kunde und city-map berechtigt, diesen Vertrag ohne Einhaltung einer K\u00fcndigungsfrist zu k\u00fcndigen.<\/li><li>Eine weitergehende R\u00fcckverg\u00fctung von anderen Entgelten bei Ausf\u00e4llen von Diensten wegen einer au\u00dferhalb des Verantwortungsbereiches von city-map liegenden St\u00f6rung ist ausgeschlossen.<\/li><li>Hat city-map oder einer ihrer Erf\u00fcllungs- oder Verrichtungsgehilfen eine Ausfallzeit schuldhaft verursacht, die \u00fcber den genannten erheblichen Zeitraum hinaus andauert, so wird die Pr\u00e4sentation des Kunden im Anschluss an das laufende Vertragsjahr kostenfrei \u00fcber den Beendigungstermin hinaus um die Ausfallzeit hinaus verl\u00e4ngert.<\/li><\/ol><p><b>\u00a0<\/b><\/p><p><b>\u00a711 Datenschutz<\/b><\/p><ol><li>Die gegen\u00fcber city-map unterbreiteten Informationen gelten als nicht vertraulich und sind zur Ver\u00f6ffentlichung freigegeben, soweit nichts anderes schriftlich vereinbart wurde.<\/li><li>Der Vertragspartner wird hiermit gem\u00e4\u00df der Bestimmungen des Bundesdatenschutzgesetzes sowie der Teledienst Datenschutzverordnung davon unterrichtet, dass city-map die Daten des Kunden, sowie die im Rahmen des Emailverkehrs an den Kunden gerichtete Informationen, sowie die zur Auftragsabwicklung erhaltenen Daten in digitaler Form und f\u00fcr Aufgaben, die sich aus dem Vertrag ergeben, maschinell verarbeitet. Eine \u00fcber den Vertragszweck hinausgehende Verwendung oder die Weitergabe der Daten findet nicht statt.<\/li><\/ol><p><b>\u00a0<\/b><\/p><p><b>\u00a712 Gerichtsstand<\/b><br \/>Alleiniger Gerichtsstand bei allen sich aus dem Vertragsverh\u00e4ltnis ergebenden Streitigkeiten ist der jeweils zust\u00e4ndige Gerichtsbezirk von city-map.<\/p><p>\u00a0<\/p>\t\t\t\t\t\t\t\t<\/div>\n\t\t\t\t<\/div>\n\t\t\t\t\t<\/div>\n\t\t<\/div>\n\t\t\t\t\t<\/div>\n\t\t<\/section>\n\t\t\t\t\t<\/div>\n\t\t<\/div>\n\t\t\t\t\t<\/div>\n\t\t<\/section>\n\t\t\t\t<\/div>\n\t\t","protected":false},"excerpt":{"rendered":"<p>Allgemeine Gesch\u00e4ftsbedingungen von city-map Internetmarketing AGim folgenden city-map genannt. \u00a71 VertragsabschlussDie nachstehenden allgemeinen Gesch\u00e4ftsbedingungen gelten f\u00fcr alle zwischen dem Kunden und city-map geschlossenen Vertr\u00e4ge \u00fcber die von city-map angebotenen Dienste und Leistungen. Sie gelten auch f\u00fcr alle k\u00fcnftigen Gesch\u00e4ftsbeziehungen, auch wenn sie nicht noch einmal ausdr\u00fccklich vereinbart werden. Abweichende Bedingungen des Kunden, die city-map nicht [&hellip;]<\/p>\n","protected":false},"author":3,"featured_media":0,"parent":0,"menu_order":0,"comment_status":"closed","ping_status":"closed","template":"elementor_header_footer","meta":{"footnotes":""},"class_list":["post-751","page","type-page","status-publish","hentry"],"_links":{"self":[{"href":"https:\/\/lufthansacargo.internet-erfolg.de\/de\/wp-json\/wp\/v2\/pages\/751","targetHints":{"allow":["GET"]}}],"collection":[{"href":"https:\/\/lufthansacargo.internet-erfolg.de\/de\/wp-json\/wp\/v2\/pages"}],"about":[{"href":"https:\/\/lufthansacargo.internet-erfolg.de\/de\/wp-json\/wp\/v2\/types\/page"}],"author":[{"embeddable":true,"href":"https:\/\/lufthansacargo.internet-erfolg.de\/de\/wp-json\/wp\/v2\/users\/3"}],"replies":[{"embeddable":true,"href":"https:\/\/lufthansacargo.internet-erfolg.de\/de\/wp-json\/wp\/v2\/comments?post=751"}],"version-history":[{"count":8,"href":"https:\/\/lufthansacargo.internet-erfolg.de\/de\/wp-json\/wp\/v2\/pages\/751\/revisions"}],"predecessor-version":[{"id":1078,"href":"https:\/\/lufthansacargo.internet-erfolg.de\/de\/wp-json\/wp\/v2\/pages\/751\/revisions\/1078"}],"wp:attachment":[{"href":"https:\/\/lufthansacargo.internet-erfolg.de\/de\/wp-json\/wp\/v2\/media?parent=751"}],"curies":[{"name":"wp","href":"https:\/\/api.w.org\/{rel}","templated":true}]}}